{"id":698,"date":"2018-04-10T18:23:09","date_gmt":"2018-04-10T16:23:09","guid":{"rendered":"https:\/\/www.lacasarestaurantmarrakech.com\/?page_id=698"},"modified":"2018-11-30T10:47:52","modified_gmt":"2018-11-30T09:47:52","slug":"le-restaurant","status":"publish","type":"page","link":"http:\/\/www.lacasarestaurantmarrakech.com\/en\/le-restaurant\/","title":{"rendered":"Restaurant"},"content":{"rendered":"<p>\u00c0 la fois bar, <strong>restaurant <\/strong>et <strong>club<\/strong>, propose un voyage \u00e0 destination des sens et des saveurs : d\u00e9gustez notre carte inspir\u00e9e des cuisines du monde en vous laissant bercer par les sonorit\u00e9s \u00e9clectiques de nos DJ.<\/p>\n<p>Avec une d\u00e9coration trendy ainsi une ambiance chic et cosy, le lieu est une invitation \u00e0 la convivialit\u00e9 pour que vous passiez une soir\u00e9e des plus r\u00e9ussie.<\/p>\n\n\t\t<div id='gallery-1' class='gallery galleryid-698 gallery-columns-3 gallery-size-full gallery1'><script type=\"text\/javascript\">\n\/\/ <![CDATA[\n\tjQuery(document).ready(function () {\n\t\tjQuery(\".gallery1 a\").attr(\"rel\",\"gallery1\");\t\n\t\tjQuery('a[rel=\"gallery1\"]').colorbox({maxWidth:\"95%\", maxHeight:\"95%\",title: function(){ return jQuery(this).children().attr(\"alt\"); }, });\n\t});\n\/\/ ]]>\n<\/script>\n<figure class=\"gallery-item\">\n<div class=\"gallery-icon\">\n<a href=\"https:\/\/www.lacasarestaurantmarrakech.com\/wp-content\/uploads\/2018\/11\/lacasa-300x200.jpg\" title=\"\" rel=\"gallery1\"><img fetchpriority=\"high\" decoding=\"async\" src=\"https:\/\/www.lacasarestaurantmarrakech.com\/wp-content\/uploads\/2018\/11\/lacasa.jpg\" width=\"1280\" height=\"853\" alt=\"\" \/><\/a>\n<\/div><\/figure><figure class=\"gallery-item\">\n<div class=\"gallery-icon\">\n<a href=\"https:\/\/www.lacasarestaurantmarrakech.com\/wp-content\/uploads\/2018\/11\/lacasa-lounge-300x200.jpg\" title=\"\" rel=\"gallery1\"><img decoding=\"async\" src=\"https:\/\/www.lacasarestaurantmarrakech.com\/wp-content\/uploads\/2018\/11\/lacasa-lounge.jpg\" width=\"1280\" height=\"853\" alt=\"\" \/><\/a>\n<\/div><\/figure><figure class=\"gallery-item\">\n<div class=\"gallery-icon\">\n<a href=\"https:\/\/www.lacasarestaurantmarrakech.com\/wp-content\/uploads\/2018\/11\/lacasamarrakech-300x200.jpg\" title=\"\" rel=\"gallery1\"><img decoding=\"async\" src=\"https:\/\/www.lacasarestaurantmarrakech.com\/wp-content\/uploads\/2018\/11\/lacasamarrakech.jpg\" width=\"1280\" height=\"853\" alt=\"\" \/><\/a>\n<\/div><\/figure><figure class=\"gallery-item\">\n<div class=\"gallery-icon\">\n<a href=\"https:\/\/www.lacasarestaurantmarrakech.com\/wp-content\/uploads\/2018\/11\/lacasa-marrakech-300x200.jpg\" title=\"\" rel=\"gallery1\"><img loading=\"lazy\" decoding=\"async\" src=\"https:\/\/www.lacasarestaurantmarrakech.com\/wp-content\/uploads\/2018\/11\/lacasa-marrakech.jpg\" width=\"1280\" height=\"853\" alt=\"\" \/><\/a>\n<\/div><\/figure><figure class=\"gallery-item\">\n<div class=\"gallery-icon\">\n<a href=\"https:\/\/www.lacasarestaurantmarrakech.com\/wp-content\/uploads\/2018\/11\/lacasa-marrakech-restaurant-300x200.jpg\" title=\"\" rel=\"gallery1\"><img loading=\"lazy\" decoding=\"async\" src=\"https:\/\/www.lacasarestaurantmarrakech.com\/wp-content\/uploads\/2018\/11\/lacasa-marrakech-restaurant.jpg\" width=\"1280\" height=\"853\" alt=\"\" \/><\/a>\n<\/div><\/figure><figure class=\"gallery-item\">\n<div class=\"gallery-icon\">\n<a href=\"https:\/\/www.lacasarestaurantmarrakech.com\/wp-content\/uploads\/2018\/11\/lacasa-marrakesh-300x200.jpg\" title=\"\" rel=\"gallery1\"><img loading=\"lazy\" decoding=\"async\" src=\"https:\/\/www.lacasarestaurantmarrakech.com\/wp-content\/uploads\/2018\/11\/lacasa-marrakesh.jpg\" width=\"1280\" height=\"853\" alt=\"\" \/><\/a>\n<\/div><\/figure><figure class=\"gallery-item\">\n<div class=\"gallery-icon\">\n<a href=\"https:\/\/www.lacasarestaurantmarrakech.com\/wp-content\/uploads\/2018\/11\/lacasa-plat-restaurant-300x200.jpg\" title=\"\" rel=\"gallery1\"><img loading=\"lazy\" decoding=\"async\" src=\"https:\/\/www.lacasarestaurantmarrakech.com\/wp-content\/uploads\/2018\/11\/lacasa-plat-restaurant.jpg\" width=\"1280\" height=\"853\" alt=\"\" \/><\/a>\n<\/div><\/figure><figure class=\"gallery-item\">\n<div class=\"gallery-icon\">\n<a href=\"https:\/\/www.lacasarestaurantmarrakech.com\/wp-content\/uploads\/2018\/11\/lacasa-restarant-300x200.jpg\" title=\"\" rel=\"gallery1\"><img loading=\"lazy\" decoding=\"async\" src=\"https:\/\/www.lacasarestaurantmarrakech.com\/wp-content\/uploads\/2018\/11\/lacasa-restarant.jpg\" width=\"1280\" height=\"853\" alt=\"\" \/><\/a>\n<\/div><\/figure><figure class=\"gallery-item\">\n<div class=\"gallery-icon\">\n<a href=\"https:\/\/www.lacasarestaurantmarrakech.com\/wp-content\/uploads\/2018\/11\/lacsa-restaurant-marrakech.jpg\" title=\"\" rel=\"gallery1\"><img loading=\"lazy\" decoding=\"async\" src=\"https:\/\/www.lacasarestaurantmarrakech.com\/wp-content\/uploads\/2018\/11\/lacsa-restaurant-marrakech.jpg\" width=\"1280\" height=\"853\" alt=\"\" \/><\/a>\n<\/div><\/figure><figure class=\"gallery-item\">\n<div class=\"gallery-icon\">\n<a href=\"https:\/\/www.lacasarestaurantmarrakech.com\/wp-content\/uploads\/2018\/11\/restarant-lacasa-300x200.jpg\" title=\"\" rel=\"gallery1\"><img loading=\"lazy\" decoding=\"async\" src=\"https:\/\/www.lacasarestaurantmarrakech.com\/wp-content\/uploads\/2018\/11\/restarant-lacasa.jpg\" width=\"1280\" height=\"853\" alt=\"\" \/><\/a>\n<\/div><\/figure><figure class=\"gallery-item\">\n<div class=\"gallery-icon\">\n<a href=\"https:\/\/www.lacasarestaurantmarrakech.com\/wp-content\/uploads\/2018\/11\/restarantmarrakech-300x200.jpg\" title=\"\" rel=\"gallery1\"><img loading=\"lazy\" decoding=\"async\" src=\"https:\/\/www.lacasarestaurantmarrakech.com\/wp-content\/uploads\/2018\/11\/restarantmarrakech.jpg\" width=\"1280\" height=\"853\" alt=\"\" \/><\/a>\n<\/div><\/figure><figure class=\"gallery-item\">\n<div class=\"gallery-icon\">\n<a href=\"https:\/\/www.lacasarestaurantmarrakech.com\/wp-content\/uploads\/2018\/11\/restaurant-lacasa-300x200.jpg\" title=\"\" rel=\"gallery1\"><img loading=\"lazy\" decoding=\"async\" src=\"https:\/\/www.lacasarestaurantmarrakech.com\/wp-content\/uploads\/2018\/11\/restaurant-lacasa.jpg\" width=\"1280\" height=\"853\" alt=\"\" \/><\/a>\n<\/div><\/figure>\n\t\t<\/div>\n\n","protected":false},"excerpt":{"rendered":"<p>\u00c0 la fois bar, restaurant et club, propose un voyage \u00e0 destination des sens et des saveurs : d\u00e9gustez notre [&hellip;]<\/p>\n","protected":false},"author":1,"featured_media":545,"parent":0,"menu_order":0,"comment_status":"closed","ping_status":"closed","template":"","meta":{"site-sidebar-layout":"default","site-content-layout":"","ast-site-content-layout":"","site-content-style":"default","site-sidebar-style":"default","ast-global-header-display":"","ast-banner-title-visibility":"","ast-main-header-display":"","ast-hfb-above-header-display":"","ast-hfb-below-header-display":"","ast-hfb-mobile-header-display":"","site-post-title":"","ast-breadcrumbs-content":"","ast-featured-img":"","footer-sml-layout":"","theme-transparent-header-meta":"","adv-header-id-meta":"","stick-header-meta":"","header-above-stick-meta":"","header-main-stick-meta":"","header-below-stick-meta":"","astra-migrate-meta-layouts":"default","ast-page-background-enabled":"default","ast-page-background-meta":{"desktop":{"background-color":"var(--ast-global-color-5)","background-image":"","background-repeat":"repeat","background-position":"center center","background-size":"auto","background-attachment":"scroll","background-type":"","background-media":"","overlay-type":"","overlay-color":"","overlay-opacity":"","overlay-gradient":""},"tablet":{"background-color":"","background-image":"","background-repeat":"repeat","background-position":"center center","background-size":"auto","background-attachment":"scroll","background-type":"","background-media":"","overlay-type":"","overlay-color":"","overlay-opacity":"","overlay-gradient":""},"mobile":{"background-color":"","background-image":"","background-repeat":"repeat","background-position":"center center","background-size":"auto","background-attachment":"scroll","background-type":"","background-media":"","overlay-type":"","overlay-color":"","overlay-opacity":"","overlay-gradient":""}},"ast-content-background-meta":{"desktop":{"background-color":"var(--ast-global-color-4)","background-image":"","background-repeat":"repeat","background-position":"center center","background-size":"auto","background-attachment":"scroll","background-type":"","background-media":"","overlay-type":"","overlay-color":"","overlay-opacity":"","overlay-gradient":""},"tablet":{"background-color":"var(--ast-global-color-4)","background-image":"","background-repeat":"repeat","background-position":"center center","background-size":"auto","background-attachment":"scroll","background-type":"","background-media":"","overlay-type":"","overlay-color":"","overlay-opacity":"","overlay-gradient":""},"mobile":{"background-color":"var(--ast-global-color-4)","background-image":"","background-repeat":"repeat","background-position":"center center","background-size":"auto","background-attachment":"scroll","background-type":"","background-media":"","overlay-type":"","overlay-color":"","overlay-opacity":"","overlay-gradient":""}},"_joinchat":[],"footnotes":""},"class_list":["post-698","page","type-page","status-publish","has-post-thumbnail","hentry"],"aioseo_notices":[],"_links":{"self":[{"href":"http:\/\/www.lacasarestaurantmarrakech.com\/en\/wp-json\/wp\/v2\/pages\/698","targetHints":{"allow":["GET"]}}],"collection":[{"href":"http:\/\/www.lacasarestaurantmarrakech.com\/en\/wp-json\/wp\/v2\/pages"}],"about":[{"href":"http:\/\/www.lacasarestaurantmarrakech.com\/en\/wp-json\/wp\/v2\/types\/page"}],"author":[{"embeddable":true,"href":"http:\/\/www.lacasarestaurantmarrakech.com\/en\/wp-json\/wp\/v2\/users\/1"}],"replies":[{"embeddable":true,"href":"http:\/\/www.lacasarestaurantmarrakech.com\/en\/wp-json\/wp\/v2\/comments?post=698"}],"version-history":[{"count":11,"href":"http:\/\/www.lacasarestaurantmarrakech.com\/en\/wp-json\/wp\/v2\/pages\/698\/revisions"}],"predecessor-version":[{"id":871,"href":"http:\/\/www.lacasarestaurantmarrakech.com\/en\/wp-json\/wp\/v2\/pages\/698\/revisions\/871"}],"wp:featuredmedia":[{"embeddable":true,"href":"http:\/\/www.lacasarestaurantmarrakech.com\/en\/wp-json\/wp\/v2\/media\/545"}],"wp:attachment":[{"href":"http:\/\/www.lacasarestaurantmarrakech.com\/en\/wp-json\/wp\/v2\/media?parent=698"}],"curies":[{"name":"wp","href":"https:\/\/api.w.org\/{rel}","templated":true}]}}