{"id":735,"date":"2014-05-30T09:17:16","date_gmt":"2014-05-30T09:17:16","guid":{"rendered":"https:\/\/www.lacasarestaurantmarrakech.com\/en\/?page_id=735"},"modified":"2023-06-08T00:31:28","modified_gmt":"2023-06-07T22:31:28","slug":"recipes","status":"publish","type":"page","link":"http:\/\/www.lacasarestaurantmarrakech.com\/en\/frontpage\/recipes\/","title":{"rendered":"Menu"},"content":{"rendered":"<div><\/div>\n\t<div class=\"gridable gridable--row\" >\n\t\t\t<div class=\"gridable--col col-4\" >\n\t\t\n<div class=\"menu-list menu-list__dotted\">\n<h2 class=\"menu-list__title\">Nos Entr\u00e9es<\/h2>\n<hr class=\"separator\"\/>\n<ul class=\"menu-list__items\">\n<li class=\"menu-list__item\">\n<h4 class=\"menu-list__item-title\"><span class=\"item_title\">Nems vietnamiens sauce soja<\/span><span class=\"dots\"><\/span><\/h4>\n<p class=\"menu-list__item-desc\"><span class=\"desc__content\">Plat<\/span><\/p>\n<span class=\"dots\"><\/span><span class=\"menu-list__item-price\">70DH<\/span><\/li>\n<li class=\"menu-list__item\">\n<h4 class=\"menu-list__item-title\"><span class=\"item_title\">Nems vietnamiens sauce soja<\/span><span class=\"dots\"><\/span><\/h4>\n<p class=\"menu-list__item-desc\"><span class=\"desc__content\">Tapas<\/span><\/p>\n<span class=\"dots\"><\/span><span class=\"menu-list__item-price\">40DH<\/span><\/li>\n<li class=\"menu-list__item\">\n<h4 class=\"menu-list__item-title\"><span class=\"item_title\">Gambas Pil-pil<\/span><span class=\"dots\"><\/span><\/h4>\n<span class=\"dots\"><\/span><span class=\"menu-list__item-price\">80DH<\/span><\/li>\n<li class=\"menu-list__item\">\n<h4 class=\"menu-list__item-title\"><span class=\"item_title\">Salade LA CASA<\/span><span class=\"dots\"><\/span><\/h4>\n<p class=\"menu-list__item-desc\"><span class=\"desc__content\">Avocat, crevette, poivron vert, poivron rouge, oignon, oeuuf<\/span><\/p>\n<span class=\"dots\"><\/span><span class=\"menu-list__item-price\">70DH<\/span><\/li>\n<li class=\"menu-list__item\">\n<h4 class=\"menu-list__item-title\"><span class=\"item_title\">Salad c\u00e9sar<\/span><span class=\"dots\"><\/span><\/h4>\n<p class=\"menu-list__item-desc\"><span class=\"desc__content\">Poulet ,sa sauce au parmesan et ses cro\u00fbtons<\/span><\/p>\n<span class=\"dots\"><\/span><span class=\"menu-list__item-price\"> 70DH<\/span><\/li>\n<li class=\"menu-list__item\">\n<h4 class=\"menu-list__item-title\"><span class=\"item_title\">Carpaccio de b\u0153uf<\/span><span class=\"dots\"><\/span><\/h4>\n<p class=\"menu-list__item-desc\"><span class=\"desc__content\">Copeaux de parmesan : Plat<\/span><\/p>\n<span class=\"dots\"><\/span><span class=\"menu-list__item-price\">80DH<\/span><\/li>\n<li class=\"menu-list__item\">\n<h4 class=\"menu-list__item-title\"><span class=\"item_title\">Carpaccio de b\u0153uf<\/span><span class=\"dots\"><\/span><\/h4>\n<p class=\"menu-list__item-desc\"><span class=\"desc__content\">Copeaux de parmesan : Tapas<\/span><\/p>\n<span class=\"dots\"><\/span><span class=\"menu-list__item-price\">45DH<\/span><\/li>\n<li class=\"menu-list__item\">\n<h4 class=\"menu-list__item-title\"><span class=\"item_title\">Saumon marin\u00e9<\/span><span class=\"dots\"><\/span><\/h4>\n<p class=\"menu-list__item-desc\"><span class=\"desc__content\">Cr\u00e8me acidul\u00e9e aux fines : Plat<\/span><\/p>\n<span class=\"dots\"><\/span><span class=\"menu-list__item-price\">90DH<\/span><\/li>\n<li class=\"menu-list__item\">\n<h4 class=\"menu-list__item-title\"><span class=\"item_title\">Saumon marin\u00e9<\/span><span class=\"dots\"><\/span><\/h4>\n<p class=\"menu-list__item-desc\"><span class=\"desc__content\">Cr\u00e8me acidul\u00e9e aux fines : Tapas<\/span><\/p>\n<span class=\"dots\"><\/span><span class=\"menu-list__item-price\">50DH<\/span><\/li>\n<\/ul>\n<h2 class=\"menu-list__title\">Nos pizza<\/h2>\n<hr class=\"separator\"\/>\n<ul class=\"menu-list__items\">\n<li class=\"menu-list__item\">\n<h4 class=\"menu-list__item-title\"><span class=\"item_title\">La CASA<\/span><span class=\"dots\"><\/span><\/h4>\n<p class=\"menu-list__item-desc\"><span class=\"desc__content\">Royale \u2013 P\u00eacheur \u2013 Regina \u2013 Margherita \u2013 Orientale<\/span><\/p>\n<span class=\"dots\"><\/span><span class=\"menu-list__item-price\">80DH<\/span><\/li>\n<li class=\"menu-list__item\">\n<h4 class=\"menu-list__item-title\"><span class=\"item_title\">La CASA Gambas<\/span><span class=\"dots\"><\/span><\/h4>\n<span class=\"dots\"><\/span><span class=\"menu-list__item-price\">100DH<\/span><\/li>\n<li class=\"menu-list__item\">\n<h4 class=\"menu-list__item-title\"><span class=\"item_title\">La CASA Saumon<\/span><span class=\"dots\"><\/span><\/h4>\n<span class=\"dots\"><\/span><span class=\"menu-list__item-price\">90DH<\/span><\/li>\n<\/ul>\n<\/div>\n\n\t<\/div>\n\t<div class=\"gridable--col col-4\" >\n\t\t\n<div class=\"menu-list menu-list__dotted\">\n<h2 class=\"menu-list__title\">Nos sp\u00e9cialit\u00e9s<\/h2>\n<hr class=\"separator\"\/>\n<ul class=\"menu-list__items\">\n<li class=\"menu-list__item\">\n<h4 class=\"menu-list__item-title\"><span class=\"item_title\">Authentique paella espagnole<\/span><span class=\"dots\"><\/span><\/h4>\n<p class=\"menu-list__item-desc\"><span class=\"desc__content\">Plat<\/span><\/p>\n<span class=\"dots\"><\/span><span class=\"menu-list__item-price\">140DH<\/span><\/li>\n<li class=\"menu-list__item\">\n<h4 class=\"menu-list__item-title\"><span class=\"item_title\">Authentique paella espagnole<\/span><span class=\"dots\"><\/span><\/h4>\n<p class=\"menu-list__item-desc\"><span class=\"desc__content\">Tapas<\/span><\/p>\n<span class=\"dots\"><\/span><span class=\"menu-list__item-price\">75DH<\/span><\/li>\n<li class=\"menu-list__item\">\n<h4 class=\"menu-list__item-title\"><span class=\"item_title\">Fajitas<\/span><span class=\"dots\"><\/span><\/h4>\n<p class=\"menu-list__item-desc\"><span class=\"desc__content\">Poulet ou b\u0153uf,guacamole et cr\u00e8me sure : Plat<\/span><\/p>\n<span class=\"dots\"><\/span><span class=\"menu-list__item-price\">110DH<\/span><\/li>\n<li class=\"menu-list__item\">\n<h4 class=\"menu-list__item-title\"><span class=\"item_title\">Fajitas<\/span><span class=\"dots\"><\/span><\/h4>\n<p class=\"menu-list__item-desc\"><span class=\"desc__content\">Poulet ou b\u0153uf,guacamole et cr\u00e8me sure : Tapas<\/span><\/p>\n<span class=\"dots\"><\/span><span class=\"menu-list__item-price\">70DH<\/span><\/li>\n<li class=\"menu-list__item\">\n<h4 class=\"menu-list__item-title\"><span class=\"item_title\">Julienne de poulet ou b\u0153uf<\/span><span class=\"dots\"><\/span><\/h4>\n<p class=\"menu-list__item-desc\"><span class=\"desc__content\">aux champignons et vermicelles<\/span><\/p>\n<span class=\"dots\"><\/span><span class=\"menu-list__item-price\">110DH<\/span><\/li>\n<li class=\"menu-list__item\">\n<h4 class=\"menu-list__item-title\"><span class=\"item_title\">Escalope de poulet pan\u00e9e<\/span><span class=\"dots\"><\/span><\/h4>\n<p class=\"menu-list__item-desc\"><span class=\"desc__content\">\u00e0 notre fa\u00e7on<\/span><\/p>\n<span class=\"dots\"><\/span><span class=\"menu-list__item-price\">110DH<\/span><\/li>\n<li class=\"menu-list__item\">\n<h4 class=\"menu-list__item-title\"><span class=\"item_title\">Risotto aux fruits de mer<\/span><span class=\"dots\"><\/span><\/h4>\n<p class=\"menu-list__item-desc\"><span class=\"desc__content\">Plat<\/span><\/p>\n<span class=\"dots\"><\/span><span class=\"menu-list__item-price\">140DH<\/span><\/li>\n<li class=\"menu-list__item\">\n<h4 class=\"menu-list__item-title\"><span class=\"item_title\">Risotto aux fruits de mer<\/span><span class=\"dots\"><\/span><\/h4>\n<p class=\"menu-list__item-desc\"><span class=\"desc__content\">Tapas<\/span><\/p>\n<span class=\"dots\"><\/span><span class=\"menu-list__item-price\">75DH<\/span><\/li>\n<li class=\"menu-list__item\">\n<h4 class=\"menu-list__item-title\"><span class=\"item_title\">Tagine du jour<\/span><span class=\"dots\"><\/span><\/h4>\n<span class=\"dots\"><\/span><span class=\"menu-list__item-price\">110DH<\/span><\/li>\n<\/ul>\n<\/div>\n\n\t<\/div>\n\t<div class=\"gridable--col col-4\" >\n\t\t\n<div class=\"menu-list menu-list__dotted\">\n<h2 class=\"menu-list__title\">Nos viandes<\/h2>\n<hr class=\"separator\"\/>\n<ul class=\"menu-list__items\">\n<li class=\"menu-list__item\">\n<h4 class=\"menu-list__item-title\"><span class=\"item_title\">Filet de boeuf<\/span><span class=\"dots\"><\/span><\/h4>\n<p class=\"menu-list__item-desc\"><span class=\"desc__content\">Sauce au choix : champignon Ou au poivre<\/span><\/p>\n<span class=\"dots\"><\/span><span class=\"menu-list__item-price\">150DH<\/span><\/li>\n<li class=\"menu-list__item\">\n<h4 class=\"menu-list__item-title\"><span class=\"item_title\">C\u00f4te de b\u0153uf grill\u00e9e<\/span><span class=\"dots\"><\/span><\/h4>\n<p class=\"menu-list__item-desc\"><span class=\"desc__content\">Sauce aux champignons et pommes frites<\/span><\/p>\n<span class=\"dots\"><\/span><span class=\"menu-list__item-price\">170DH<\/span><\/li>\n<li class=\"menu-list__item\">\n<h4 class=\"menu-list__item-title\"><span class=\"item_title\">Brochette LACASA<\/span><span class=\"dots\"><\/span><\/h4>\n<p class=\"menu-list__item-desc\"><span class=\"desc__content\">poulet ou b\u0153uf et riz sauvage : Plat<\/span><\/p>\n<span class=\"dots\"><\/span><span class=\"menu-list__item-price\">120DH<\/span><\/li>\n<li class=\"menu-list__item\">\n<h4 class=\"menu-list__item-title\"><span class=\"item_title\">Brochette LACASA<\/span><span class=\"dots\"><\/span><\/h4>\n<p class=\"menu-list__item-desc\"><span class=\"desc__content\">poulet ou b\u0153uf et riz sauvage : Tapas<\/span><\/p>\n<span class=\"dots\"><\/span><span class=\"menu-list__item-price\">65DH<\/span><\/li>\n<li class=\"menu-list__item\">\n<h4 class=\"menu-list__item-title\"><span class=\"item_title\">Mixed Grill marin\u00e9 au citron conflit<\/span><span class=\"dots\"><\/span><\/h4>\n<p class=\"menu-list__item-desc\"><span class=\"desc__content\">Plat<\/span><\/p>\n<span class=\"dots\"><\/span><span class=\"menu-list__item-price\">140DH<\/span><\/li>\n<li class=\"menu-list__item\">\n<h4 class=\"menu-list__item-title\"><span class=\"item_title\">Mixed Grill marin\u00e9 au citron conflit<\/span><span class=\"dots\"><\/span><\/h4>\n<p class=\"menu-list__item-desc\"><span class=\"desc__content\">Tapas<\/span><\/p>\n<span class=\"dots\"><\/span><span class=\"menu-list__item-price\">75DH<\/span><\/li>\n<li class=\"menu-list__item\">\n<h4 class=\"menu-list__item-title\"><span class=\"item_title\">Cheese burger<\/span><span class=\"dots\"><\/span><\/h4>\n<p class=\"menu-list__item-desc\"><span class=\"desc__content\">Tapas<\/span><\/p>\n<span class=\"dots\"><\/span><span class=\"menu-list__item-price\">75DH<\/span><\/li>\n<\/ul>\n<h2 class=\"menu-list__title\">Sp\u00e9cialit\u00e9s marocain<\/h2>\n<hr class=\"separator\"\/>\n<ul class=\"menu-list__items\">\n<li class=\"menu-list__item\">\n<h4 class=\"menu-list__item-title\"><span class=\"item_title\">Panach\u00e9 de Briouates<\/span><span class=\"dots\"><\/span><\/h4>\n<span class=\"dots\"><\/span><span class=\"menu-list__item-price\">90DH<\/span><\/li>\n<li class=\"menu-list__item\">\n<h4 class=\"menu-list__item-title\"><span class=\"item_title\">Pastilla au poulet et aux amandes<\/span><span class=\"dots\"><\/span><\/h4>\n<span class=\"dots\"><\/span><span class=\"menu-list__item-price\">130DH<\/span><\/li>\n<li class=\"menu-list__item\">\n<h4 class=\"menu-list__item-title\"><span class=\"item_title\">Pastilla aux fruits de mer<\/span><span class=\"dots\"><\/span><\/h4>\n<span class=\"dots\"><\/span><span class=\"menu-list__item-price\">130DH<\/span><\/li>\n<li class=\"menu-list__item\">\n<h4 class=\"menu-list__item-title\"><span class=\"item_title\">Tagine de poisson M\u2019charmel aux olives<\/span><span class=\"dots\"><\/span><\/h4>\n<span class=\"dots\"><\/span><span class=\"menu-list__item-price\">130DH<\/span><\/li>\n<li class=\"menu-list__item\">\n<h4 class=\"menu-list__item-title\"><span class=\"item_title\">Tagine de poulet aux citrons confits<\/span><span class=\"dots\"><\/span><\/h4>\n<span class=\"dots\"><\/span><span class=\"menu-list__item-price\">130DH<\/span><\/li>\n<\/ul>\n<\/div>\n\n\t<\/div>\n\n\t<\/div>\n\n<p>&nbsp;<\/p>\n<p>&nbsp;<\/p>\n<p>&nbsp;<\/p>\n<p style=\"text-align: center;\"><a class=\"savoirplus\" href=\"https:\/\/www.lacasarestaurantmarrakech.com\/en\/menu\/\">See Menu <\/a><\/p>","protected":false},"excerpt":{"rendered":"<p>&nbsp; &nbsp; &nbsp; See Menu<\/p>","protected":false},"author":1,"featured_media":576,"parent":727,"menu_order":1,"comment_status":"open","ping_status":"open","template":"","meta":{"site-sidebar-layout":"default","site-content-layout":"","ast-site-content-layout":"","site-content-style":"default","site-sidebar-style":"default","ast-global-header-display":"","ast-banner-title-visibility":"","ast-main-header-display":"","ast-hfb-above-header-display":"","ast-hfb-below-header-display":"","ast-hfb-mobile-header-display":"","site-post-title":"","ast-breadcrumbs-content":"","ast-featured-img":"","footer-sml-layout":"","theme-transparent-header-meta":"","adv-header-id-meta":"","stick-header-meta":"","header-above-stick-meta":"","header-main-stick-meta":"","header-below-stick-meta":"","astra-migrate-meta-layouts":"default","ast-page-background-enabled":"default","ast-page-background-meta":{"desktop":{"background-color":"var(--ast-global-color-5)","background-image":"","background-repeat":"repeat","background-position":"center center","background-size":"auto","background-attachment":"scroll","background-type":"","background-media":"","overlay-type":"","overlay-color":"","overlay-opacity":"","overlay-gradient":""},"tablet":{"background-color":"","background-image":"","background-repeat":"repeat","background-position":"center center","background-size":"auto","background-attachment":"scroll","background-type":"","background-media":"","overlay-type":"","overlay-color":"","overlay-opacity":"","overlay-gradient":""},"mobile":{"background-color":"","background-image":"","background-repeat":"repeat","background-position":"center center","background-size":"auto","background-attachment":"scroll","background-type":"","background-media":"","overlay-type":"","overlay-color":"","overlay-opacity":"","overlay-gradient":""}},"ast-content-background-meta":{"desktop":{"background-color":"var(--ast-global-color-4)","background-image":"","background-repeat":"repeat","background-position":"center center","background-size":"auto","background-attachment":"scroll","background-type":"","background-media":"","overlay-type":"","overlay-color":"","overlay-opacity":"","overlay-gradient":""},"tablet":{"background-color":"var(--ast-global-color-4)","background-image":"","background-repeat":"repeat","background-position":"center center","background-size":"auto","background-attachment":"scroll","background-type":"","background-media":"","overlay-type":"","overlay-color":"","overlay-opacity":"","overlay-gradient":""},"mobile":{"background-color":"var(--ast-global-color-4)","background-image":"","background-repeat":"repeat","background-position":"center center","background-size":"auto","background-attachment":"scroll","background-type":"","background-media":"","overlay-type":"","overlay-color":"","overlay-opacity":"","overlay-gradient":""}},"_joinchat":[],"footnotes":""},"class_list":["post-735","page","type-page","status-publish","has-post-thumbnail","hentry"],"aioseo_notices":[],"_links":{"self":[{"href":"http:\/\/www.lacasarestaurantmarrakech.com\/en\/wp-json\/wp\/v2\/pages\/735","targetHints":{"allow":["GET"]}}],"collection":[{"href":"http:\/\/www.lacasarestaurantmarrakech.com\/en\/wp-json\/wp\/v2\/pages"}],"about":[{"href":"http:\/\/www.lacasarestaurantmarrakech.com\/en\/wp-json\/wp\/v2\/types\/page"}],"author":[{"embeddable":true,"href":"http:\/\/www.lacasarestaurantmarrakech.com\/en\/wp-json\/wp\/v2\/users\/1"}],"replies":[{"embeddable":true,"href":"http:\/\/www.lacasarestaurantmarrakech.com\/en\/wp-json\/wp\/v2\/comments?post=735"}],"version-history":[{"count":7,"href":"http:\/\/www.lacasarestaurantmarrakech.com\/en\/wp-json\/wp\/v2\/pages\/735\/revisions"}],"predecessor-version":[{"id":1081,"href":"http:\/\/www.lacasarestaurantmarrakech.com\/en\/wp-json\/wp\/v2\/pages\/735\/revisions\/1081"}],"up":[{"embeddable":true,"href":"http:\/\/www.lacasarestaurantmarrakech.com\/en\/wp-json\/wp\/v2\/pages\/727"}],"wp:featuredmedia":[{"embeddable":true,"href":"http:\/\/www.lacasarestaurantmarrakech.com\/en\/wp-json\/wp\/v2\/media\/576"}],"wp:attachment":[{"href":"http:\/\/www.lacasarestaurantmarrakech.com\/en\/wp-json\/wp\/v2\/media?parent=735"}],"curies":[{"name":"wp","href":"https:\/\/api.w.org\/{rel}","templated":true}]}}