{"id":445,"date":"2014-07-01T14:39:54","date_gmt":"2014-07-01T14:39:54","guid":{"rendered":"http:\/\/pixelgrade.com\/demos\/rosa2\/?page_id=445"},"modified":"2019-02-26T11:43:59","modified_gmt":"2019-02-26T10:43:59","slug":"final-stage","status":"publish","type":"page","link":"https:\/\/www.lacasarestaurantmarrakech.com\/en\/frontpage-2\/final-stage\/","title":{"rendered":"Evenement"},"content":{"rendered":"<div class=\"gridable gridable--row\" >\n\t\t\t<div class=\"gridable--col col-6\" >\n\t\t\n<img fetchpriority=\"high\" decoding=\"async\" width=\"563\" height=\"563\" class=\"alignnone size-medium wp-image-594\" src=\"https:\/\/www.lacasarestaurantmarrakech.com\/wp-content\/uploads\/2018\/04\/event.jpg\" alt=\"\" srcset=\"https:\/\/www.lacasarestaurantmarrakech.com\/wp-content\/uploads\/2018\/04\/event.jpg 563w, https:\/\/www.lacasarestaurantmarrakech.com\/wp-content\/uploads\/2018\/04\/event-150x150.jpg 150w, https:\/\/www.lacasarestaurantmarrakech.com\/wp-content\/uploads\/2018\/04\/event-300x300.jpg 300w, https:\/\/www.lacasarestaurantmarrakech.com\/wp-content\/uploads\/2018\/04\/event-400x400.jpg 400w\" sizes=\"(max-width: 563px) 100vw, 563px\" \/><\/p>\n<p>&nbsp;<\/p>\n<p>&nbsp;<\/p>\n\t<\/div>\n\t<div class=\"gridable--col col-6\" >\n\t\t\n<hgroup class=\"pixcode  pixcode--heading article__headline\">\n\t<h2 class=\"headline__secondary\"><span class=\"first-letter\">E<\/span>v\u00e9nements<\/h2>\n\t<h1 class=\"headline__primary\">nos \u00e9v\u00e9nements &amp; d\u00eener priv\u00e9s<\/h1>\n<\/hgroup>\n<p>La Casa is the energy and conviviality of oriental nights... the ideal place to prolong the evening and gather around tasty signature cocktails.<\/p>\n<p style=\"text-align: center;\"><a class=\"savoirplus\" href=\"https:\/\/www.lacasarestaurantmarrakech.com\/en\/evenements\/\">See more<\/a><\/p>\n\t<\/div>\n\t<\/div>","protected":false},"excerpt":{"rendered":"","protected":false},"author":1,"featured_media":0,"parent":205,"menu_order":3,"comment_status":"open","ping_status":"open","template":"page-templates\/page-no-title.php","meta":{"site-sidebar-layout":"default","site-content-layout":"","ast-site-content-layout":"","site-content-style":"default","site-sidebar-style":"default","ast-global-header-display":"","ast-banner-title-visibility":"","ast-main-header-display":"","ast-hfb-above-header-display":"","ast-hfb-below-header-display":"","ast-hfb-mobile-header-display":"","site-post-title":"","ast-breadcrumbs-content":"","ast-featured-img":"","footer-sml-layout":"","theme-transparent-header-meta":"","adv-header-id-meta":"","stick-header-meta":"","header-above-stick-meta":"","header-main-stick-meta":"","header-below-stick-meta":"","astra-migrate-meta-layouts":"default","ast-page-background-enabled":"default","ast-page-background-meta":{"desktop":{"background-color":"var(--ast-global-color-5)","background-image":"","background-repeat":"repeat","background-position":"center center","background-size":"auto","background-attachment":"scroll","background-type":"","background-media":"","overlay-type":"","overlay-color":"","overlay-opacity":"","overlay-gradient":""},"tablet":{"background-color":"","background-image":"","background-repeat":"repeat","background-position":"center center","background-size":"auto","background-attachment":"scroll","background-type":"","background-media":"","overlay-type":"","overlay-color":"","overlay-opacity":"","overlay-gradient":""},"mobile":{"background-color":"","background-image":"","background-repeat":"repeat","background-position":"center center","background-size":"auto","background-attachment":"scroll","background-type":"","background-media":"","overlay-type":"","overlay-color":"","overlay-opacity":"","overlay-gradient":""}},"ast-content-background-meta":{"desktop":{"background-color":"var(--ast-global-color-4)","background-image":"","background-repeat":"repeat","background-position":"center center","background-size":"auto","background-attachment":"scroll","background-type":"","background-media":"","overlay-type":"","overlay-color":"","overlay-opacity":"","overlay-gradient":""},"tablet":{"background-color":"var(--ast-global-color-4)","background-image":"","background-repeat":"repeat","background-position":"center center","background-size":"auto","background-attachment":"scroll","background-type":"","background-media":"","overlay-type":"","overlay-color":"","overlay-opacity":"","overlay-gradient":""},"mobile":{"background-color":"var(--ast-global-color-4)","background-image":"","background-repeat":"repeat","background-position":"center center","background-size":"auto","background-attachment":"scroll","background-type":"","background-media":"","overlay-type":"","overlay-color":"","overlay-opacity":"","overlay-gradient":""}},"_joinchat":[],"footnotes":""},"class_list":["post-445","page","type-page","status-publish","hentry"],"aioseo_notices":[],"_links":{"self":[{"href":"https:\/\/www.lacasarestaurantmarrakech.com\/en\/wp-json\/wp\/v2\/pages\/445","targetHints":{"allow":["GET"]}}],"collection":[{"href":"https:\/\/www.lacasarestaurantmarrakech.com\/en\/wp-json\/wp\/v2\/pages"}],"about":[{"href":"https:\/\/www.lacasarestaurantmarrakech.com\/en\/wp-json\/wp\/v2\/types\/page"}],"author":[{"embeddable":true,"href":"https:\/\/www.lacasarestaurantmarrakech.com\/en\/wp-json\/wp\/v2\/users\/1"}],"replies":[{"embeddable":true,"href":"https:\/\/www.lacasarestaurantmarrakech.com\/en\/wp-json\/wp\/v2\/comments?post=445"}],"version-history":[{"count":8,"href":"https:\/\/www.lacasarestaurantmarrakech.com\/en\/wp-json\/wp\/v2\/pages\/445\/revisions"}],"predecessor-version":[{"id":914,"href":"https:\/\/www.lacasarestaurantmarrakech.com\/en\/wp-json\/wp\/v2\/pages\/445\/revisions\/914"}],"up":[{"embeddable":true,"href":"https:\/\/www.lacasarestaurantmarrakech.com\/en\/wp-json\/wp\/v2\/pages\/205"}],"wp:attachment":[{"href":"https:\/\/www.lacasarestaurantmarrakech.com\/en\/wp-json\/wp\/v2\/media?parent=445"}],"curies":[{"name":"wp","href":"https:\/\/api.w.org\/{rel}","templated":true}]}}