{"id":700,"date":"2018-04-10T18:24:53","date_gmt":"2018-04-10T16:24:53","guid":{"rendered":"https:\/\/www.lacasarestaurantmarrakech.com\/?page_id=700"},"modified":"2018-04-23T12:01:05","modified_gmt":"2018-04-23T10:01:05","slug":"le-bar","status":"publish","type":"page","link":"https:\/\/www.lacasarestaurantmarrakech.com\/en\/le-bar\/","title":{"rendered":"The bar"},"content":{"rendered":"<p>Dans une ambiance bois\u00e9e le <strong>bar<\/strong> <strong>lounge<\/strong> est chaleureux, confortable et d\u00e9tendu. Les \u00e9clairages sont feutr\u00e9s et donnent \u00e0 l\u2019espace une lumi\u00e8re tamis\u00e9e. Le d\u00e9cor est \u00e9pur\u00e9.<\/p>\n<p>Nous proposons de nombreux cocktails tendances ou classiques. Des vins de go\u00fbt associ\u00e9s \u00e0 des \u00e9tiquettes de grands noms sont r\u00e9serv\u00e9s pour vous dans notre cave. Et vous oublierez vos soucis \u00e0 l\u2019entr\u00e9e\u2026<\/p>\n\n\t\t<div id='gallery-1' class='gallery galleryid-700 gallery-columns-3 gallery-size-full gallery1'><script type=\"text\/javascript\">\n\/\/ <![CDATA[\n\tjQuery(document).ready(function () {\n\t\tjQuery(\".gallery1 a\").attr(\"rel\",\"gallery1\");\t\n\t\tjQuery('a[rel=\"gallery1\"]').colorbox({maxWidth:\"95%\", maxHeight:\"95%\",title: function(){ return jQuery(this).children().attr(\"alt\"); }, });\n\t});\n\/\/ ]]>\n<\/script>\n<figure class=\"gallery-item\">\n<div class=\"gallery-icon\">\n<a href=\"https:\/\/www.lacasarestaurantmarrakech.com\/wp-content\/uploads\/2018\/04\/lacasa-lerestaurant-300x169.jpg\" title=\"\" rel=\"gallery1\"><img fetchpriority=\"high\" decoding=\"async\" src=\"https:\/\/www.lacasarestaurantmarrakech.com\/wp-content\/uploads\/2018\/04\/lacasa-lerestaurant.jpg\" width=\"1536\" height=\"864\" alt=\"\" \/><\/a>\n<\/div><\/figure><figure class=\"gallery-item\">\n<div class=\"gallery-icon\">\n<a href=\"https:\/\/www.lacasarestaurantmarrakech.com\/wp-content\/uploads\/2018\/04\/lacasa--300x169.jpg\" title=\"\" rel=\"gallery1\"><img decoding=\"async\" src=\"https:\/\/www.lacasarestaurantmarrakech.com\/wp-content\/uploads\/2018\/04\/lacasa-.jpg\" width=\"1536\" height=\"864\" alt=\"\" \/><\/a>\n<\/div><\/figure><figure class=\"gallery-item\">\n<div class=\"gallery-icon\">\n<a href=\"https:\/\/www.lacasarestaurantmarrakech.com\/wp-content\/uploads\/2018\/04\/lacasa-restaurant-marrakech-300x169.jpg\" title=\"\" rel=\"gallery1\"><img decoding=\"async\" src=\"https:\/\/www.lacasarestaurantmarrakech.com\/wp-content\/uploads\/2018\/04\/lacasa-restaurant-marrakech.jpg\" width=\"1536\" height=\"864\" alt=\"\" \/><\/a>\n<\/div><\/figure><figure class=\"gallery-item\">\n<div class=\"gallery-icon\">\n<a href=\"https:\/\/www.lacasarestaurantmarrakech.com\/wp-content\/uploads\/2018\/04\/lerestaurant-300x169.jpg\" title=\"\" rel=\"gallery1\"><img loading=\"lazy\" decoding=\"async\" src=\"https:\/\/www.lacasarestaurantmarrakech.com\/wp-content\/uploads\/2018\/04\/lerestaurant.jpg\" width=\"1536\" height=\"864\" alt=\"\" \/><\/a>\n<\/div><\/figure>\n\t\t<\/div>\n\n","protected":false},"excerpt":{"rendered":"<p>Dans une ambiance bois\u00e9e le bar lounge est chaleureux, confortable et d\u00e9tendu. Les \u00e9clairages sont feutr\u00e9s et donnent \u00e0 l\u2019espace [&hellip;]<\/p>\n","protected":false},"author":1,"featured_media":545,"parent":0,"menu_order":0,"comment_status":"closed","ping_status":"closed","template":"","meta":{"site-sidebar-layout":"default","site-content-layout":"","ast-site-content-layout":"","site-content-style":"default","site-sidebar-style":"default","ast-global-header-display":"","ast-banner-title-visibility":"","ast-main-header-display":"","ast-hfb-above-header-display":"","ast-hfb-below-header-display":"","ast-hfb-mobile-header-display":"","site-post-title":"","ast-breadcrumbs-content":"","ast-featured-img":"","footer-sml-layout":"","theme-transparent-header-meta":"","adv-header-id-meta":"","stick-header-meta":"","header-above-stick-meta":"","header-main-stick-meta":"","header-below-stick-meta":"","astra-migrate-meta-layouts":"default","ast-page-background-enabled":"default","ast-page-background-meta":{"desktop":{"background-color":"var(--ast-global-color-5)","background-image":"","background-repeat":"repeat","background-position":"center center","background-size":"auto","background-attachment":"scroll","background-type":"","background-media":"","overlay-type":"","overlay-color":"","overlay-opacity":"","overlay-gradient":""},"tablet":{"background-color":"","background-image":"","background-repeat":"repeat","background-position":"center center","background-size":"auto","background-attachment":"scroll","background-type":"","background-media":"","overlay-type":"","overlay-color":"","overlay-opacity":"","overlay-gradient":""},"mobile":{"background-color":"","background-image":"","background-repeat":"repeat","background-position":"center center","background-size":"auto","background-attachment":"scroll","background-type":"","background-media":"","overlay-type":"","overlay-color":"","overlay-opacity":"","overlay-gradient":""}},"ast-content-background-meta":{"desktop":{"background-color":"var(--ast-global-color-4)","background-image":"","background-repeat":"repeat","background-position":"center center","background-size":"auto","background-attachment":"scroll","background-type":"","background-media":"","overlay-type":"","overlay-color":"","overlay-opacity":"","overlay-gradient":""},"tablet":{"background-color":"var(--ast-global-color-4)","background-image":"","background-repeat":"repeat","background-position":"center center","background-size":"auto","background-attachment":"scroll","background-type":"","background-media":"","overlay-type":"","overlay-color":"","overlay-opacity":"","overlay-gradient":""},"mobile":{"background-color":"var(--ast-global-color-4)","background-image":"","background-repeat":"repeat","background-position":"center center","background-size":"auto","background-attachment":"scroll","background-type":"","background-media":"","overlay-type":"","overlay-color":"","overlay-opacity":"","overlay-gradient":""}},"_joinchat":[],"footnotes":""},"class_list":["post-700","page","type-page","status-publish","has-post-thumbnail","hentry"],"aioseo_notices":[],"_links":{"self":[{"href":"https:\/\/www.lacasarestaurantmarrakech.com\/en\/wp-json\/wp\/v2\/pages\/700","targetHints":{"allow":["GET"]}}],"collection":[{"href":"https:\/\/www.lacasarestaurantmarrakech.com\/en\/wp-json\/wp\/v2\/pages"}],"about":[{"href":"https:\/\/www.lacasarestaurantmarrakech.com\/en\/wp-json\/wp\/v2\/types\/page"}],"author":[{"embeddable":true,"href":"https:\/\/www.lacasarestaurantmarrakech.com\/en\/wp-json\/wp\/v2\/users\/1"}],"replies":[{"embeddable":true,"href":"https:\/\/www.lacasarestaurantmarrakech.com\/en\/wp-json\/wp\/v2\/comments?post=700"}],"version-history":[{"count":4,"href":"https:\/\/www.lacasarestaurantmarrakech.com\/en\/wp-json\/wp\/v2\/pages\/700\/revisions"}],"predecessor-version":[{"id":800,"href":"https:\/\/www.lacasarestaurantmarrakech.com\/en\/wp-json\/wp\/v2\/pages\/700\/revisions\/800"}],"wp:featuredmedia":[{"embeddable":true,"href":"https:\/\/www.lacasarestaurantmarrakech.com\/en\/wp-json\/wp\/v2\/media\/545"}],"wp:attachment":[{"href":"https:\/\/www.lacasarestaurantmarrakech.com\/en\/wp-json\/wp\/v2\/media?parent=700"}],"curies":[{"name":"wp","href":"https:\/\/api.w.org\/{rel}","templated":true}]}}